{"id":259,"date":"2019-02-14T10:56:30","date_gmt":"2019-02-14T10:56:30","guid":{"rendered":"http:\/\/ensemblegm.ca\/volunteering\/"},"modified":"2024-01-20T18:20:57","modified_gmt":"2024-01-20T18:20:57","slug":"volunteering","status":"publish","type":"page","link":"https:\/\/ensemblegm.ca\/fr\/volunteering\/","title":{"rendered":"Faire Du B\u00e9n\u00e9volat"},"content":{"rendered":"<p><div class=\"fusion-fullwidth fullwidth-box fusion-builder-row-1 fusion-parallax-none nonhundred-percent-fullwidth non-hundred-percent-height-scrolling\" style=\"--awb-border-radius-top-left:0px;--awb-border-radius-top-right:0px;--awb-border-radius-bottom-right:0px;--awb-border-radius-bottom-left:0px;--awb-padding-top:9%;--awb-padding-bottom:9%;--awb-background-image:url(&quot;http:\/\/ensemblegm.ca\/wp-content\/uploads\/2019\/02\/volunteering-header.jpg&quot;);--awb-background-size:cover;--awb-flex-wrap:wrap;\" ><div class=\"fusion-builder-row fusion-row\"><div class=\"fusion-layout-column fusion_builder_column fusion-builder-column-0 fusion_builder_column_1_1 1_1 fusion-one-full fusion-column-first fusion-column-last\" style=\"--awb-bg-size:cover;--awb-margin-bottom:0px;\"><div class=\"fusion-column-wrapper fusion-flex-column-wrapper-legacy\"><div class=\"fusion-title title fusion-title-1 fusion-sep-none fusion-title-center fusion-title-text fusion-title-size-one\" style=\"--awb-text-color:#ffffff;--awb-margin-bottom:0px;--awb-margin-top-small:10px;--awb-margin-right-small:0px;--awb-margin-bottom-small:10px;--awb-margin-left-small:0px;\"><h1 class=\"fusion-title-heading title-heading-center fusion-responsive-typography-calculated\" style=\"margin:0;--fontSize:50;line-height:1.2;\">FAIRE DU B\u00c9N\u00c9VOLAT<\/h1><\/div><div class=\"fusion-sep-clear\"><\/div><div class=\"fusion-separator\" style=\"margin-left: auto;margin-right: auto;width:100%;max-width:31%;\"><div class=\"fusion-separator-border sep-single sep-solid\" style=\"--awb-height:20px;--awb-amount:20px;--awb-sep-color:#ffffff;border-color:#ffffff;border-top-width:7px;\"><\/div><\/div><div class=\"fusion-sep-clear\"><\/div><div class=\"fusion-clearfix\"><\/div><\/div><\/div><\/div><\/div><div class=\"fusion-fullwidth fullwidth-box fusion-builder-row-2 nonhundred-percent-fullwidth non-hundred-percent-height-scrolling\" style=\"--awb-border-radius-top-left:0px;--awb-border-radius-top-right:0px;--awb-border-radius-bottom-right:0px;--awb-border-radius-bottom-left:0px;--awb-padding-top:4%;--awb-padding-bottom:3%;--awb-flex-wrap:wrap;\" ><div class=\"fusion-builder-row fusion-row\"><div class=\"fusion-layout-column fusion_builder_column fusion-builder-column-1 fusion_builder_column_1_1 1_1 fusion-one-full fusion-column-first fusion-column-last\" style=\"--awb-bg-size:cover;--awb-margin-bottom:0px;\"><div class=\"fusion-column-wrapper fusion-flex-column-wrapper-legacy\"><div class=\"fusion-sep-clear\"><\/div><div class=\"fusion-separator fusion-full-width-sep\" style=\"margin-left: auto;margin-right: auto;margin-top:20px;width:100%;\"><\/div><div class=\"fusion-sep-clear\"><\/div>\n<div class=\"fusion-title title fusion-title-2 fusion-sep-none fusion-title-text fusion-title-size-four\" style=\"--awb-margin-bottom:0px;--awb-margin-top-small:10px;--awb-margin-right-small:0px;--awb-margin-bottom-small:10px;--awb-margin-left-small:0px;\"><h4 class=\"fusion-title-heading title-heading-left fusion-responsive-typography-calculated\" style=\"margin:0;--fontSize:22;--minFontSize:22;line-height:1.2;\">Voix indispensables \u00e0 la promotion et \u00e0 la d\u00e9fense des droits humains, nos b\u00e9n\u00e9voles repr\u00e9sentent une partie importante de notre organisation et offrent du soutien et du leadership.<\/h4><\/div><div class=\"fusion-sep-clear\"><\/div><div class=\"fusion-separator fusion-full-width-sep fusion-clearfix\" style=\"float:left;margin-top:15px;margin-bottom:35px;width:100%;max-width:100%;\"><div class=\"fusion-separator-border sep-single sep-solid\" style=\"--awb-height:20px;--awb-amount:20px;--awb-sep-color:#f48121;border-color:#f48121;border-top-width:7px;\"><\/div><\/div><div class=\"fusion-sep-clear\"><\/div><div class=\"fusion-text fusion-text-1\"><p><strong>LES B\u00c9N\u00c9VOLES SONT DES MEMBRES IMPORTANTS DE NOTRE ORGANISATION. ILS FOURNISSENT UN SOUTIEN, UN LEADERSHIP ET UN PLAIDOYER.<\/strong><\/p>\n<p>ENSEMBLE d\u00e9pend grandement des b\u00e9n\u00e9voles. Beaucoup de nos \u00e9v\u00e9nements, projets et services ne seraient pas possibles sans eux. Nous veillons \u00e0 ce que nos b\u00e9n\u00e9voles soient jumel\u00e9s \u00e0 des t\u00e2ches b\u00e9n\u00e9fiques pour l\u2019agence et qui fournissent une exp\u00e9rience enrichissante pour ceux qui nous donnent leur temps et leurs expertises. Quoique nous valorisons nos b\u00e9n\u00e9voles et que nous appr\u00e9cions tous ceux qui aimeraient faire du b\u00e9n\u00e9volat avec\u00a0 ENSEMBLE, nous travaillons avec des personnes \u00e0 risque et les plus vuln\u00e9rables, alors nous demandons que tous les b\u00e9n\u00e9voles passent par notre processus de demande de b\u00e9n\u00e9volat. Ce processus n\u2019est pas destin\u00e9 \u00e0 dissuader quiconque, mais vise plut\u00f4t \u00e0 prot\u00e9ger la client\u00e8le, l\u2019agence et tous nos b\u00e9n\u00e9voles.<\/p>\n<p>1. S\u2019il-vous-pla\u00eet remplir le formulaire de demande pour exprimer les domaines d\u2019int\u00e9r\u00eat dans lesquels vous souhaitez faire du b\u00e9n\u00e9volat ou dans lesquels vous avez des comp\u00e9tences\/exp\u00e9riences.<\/p>\n<p>2. Obtenir une v\u00e9rification de votre casier judiciaire.<\/p>\n<p>La v\u00e9rification du casier judiciaire effectu\u00e9e par le service de la GRC pour le compte d\u2019un organisme sans but lucratif est gratuite.<\/p>\n<p>Les requ\u00e9rants doivent remplir un formulaire en personne et pr\u00e9senter une pi\u00e8ce d\u2019identit\u00e9, avec la lettre.<\/p>\n<p>3. Lorsqu&rsquo;on aura re\u00e7u votre demande et votre v\u00e9rification de casier judiciaire, nous serons en contact avec vous afin de fixer un rendez-vous.<\/p>\n<p>Veuillez noter que nous vous contacterons seulement apr\u00e8s avoir re\u00e7u votre v\u00e9rification de casier judiciaire.<\/p>\n<p>Les r\u00e9sultats document\u00e9s sont gard\u00e9s confidentiels et conserv\u00e9s sous cl\u00e9 au bureau de ENSEMBLE Services Greater\/Grand Moncton.<\/p>\n<\/div><div class=\"fusion-sep-clear\"><\/div><div class=\"fusion-separator fusion-full-width-sep\" style=\"margin-left: auto;margin-right: auto;margin-bottom:35px;width:100%;\"><\/div><div class=\"fusion-sep-clear\"><\/div><div class=\"fusion-clearfix\"><\/div><\/div><\/div><div class=\"fusion-layout-column fusion_builder_column fusion-builder-column-2 fusion_builder_column_1_1 1_1 fusion-one-full fusion-column-first fusion-column-last\" style=\"--awb-bg-size:cover;--awb-margin-bottom:0px;\"><div class=\"fusion-column-wrapper fusion-flex-column-wrapper-legacy\"><div class=\"fusion-title title fusion-title-3 fusion-sep-none fusion-title-text fusion-title-size-four\" style=\"--awb-margin-bottom:0px;--awb-margin-top-small:10px;--awb-margin-right-small:0px;--awb-margin-bottom-small:10px;--awb-margin-left-small:0px;\"><h4 class=\"fusion-title-heading title-heading-left fusion-responsive-typography-calculated\" style=\"margin:0;--fontSize:22;--minFontSize:22;line-height:1.2;\">DEMANDES<\/h4><\/div><div class=\"fusion-sep-clear\"><\/div><div class=\"fusion-separator fusion-clearfix\" style=\"float:left;margin-top:15px;margin-bottom:35px;width:100%;max-width:125px;\"><div class=\"fusion-separator-border sep-single sep-solid\" style=\"--awb-height:20px;--awb-amount:20px;--awb-sep-color:#f48121;border-color:#f48121;border-top-width:7px;\"><\/div><\/div><div class=\"fusion-sep-clear\"><\/div><div class=\"fusion-text fusion-text-2\"><p>506-859-9616<\/p>\n<p class=\"p1\"><span class=\"s1\"><a href=\"mailto:general@ensemblegm.ca\">general@ensemblegm.ca<\/a><\/span><\/p>\n<p>Remarque: vous aurez \u00e0 forunir une v\u00e9rification du casier judiciaire une fois que vous aurez rempli le formulaire de demande.<\/p>\n<\/div><div class=\"fusion-clearfix\"><\/div><\/div><\/div><\/div><\/div><div class=\"fusion-fullwidth fullwidth-box fusion-builder-row-3 nonhundred-percent-fullwidth non-hundred-percent-height-scrolling butbot\" style=\"--awb-border-radius-top-left:0px;--awb-border-radius-top-right:0px;--awb-border-radius-bottom-right:0px;--awb-border-radius-bottom-left:0px;--awb-background-color:#e6e7e8;--awb-flex-wrap:wrap;\" ><div class=\"fusion-builder-row fusion-row\"><div class=\"fusion-layout-column fusion_builder_column fusion-builder-column-3 fusion_builder_column_1_1 1_1 fusion-one-full fusion-column-first fusion-column-last\" style=\"--awb-bg-size:cover;--awb-margin-bottom:0px;\"><div class=\"fusion-column-wrapper fusion-flex-column-wrapper-legacy\"><div class=\"fusion-align-block\"><a class=\"fusion-button button-flat button-xlarge button-custom fusion-button-default button-1 fusion-button-span-yes fusion-button-default-type\" style=\"--button_accent_color:#ffffff;--button_border_color:#ffffff;--button_accent_hover_color:#7c2a90;--button_border_hover_color:#7c2a90;--button_border_width-top:0px;--button_border_width-right:0px;--button_border_width-bottom:0px;--button_border_width-left:0px;--button_gradient_top_color:#7c2a90;--button_gradient_bottom_color:#7c2a90;--button_gradient_top_color_hover:#ffffff;--button_gradient_bottom_color_hover:#ffffff;\" target=\"_self\" href=\"https:\/\/www.canadahelps.org\/en\/dn\/70338\"><span class=\"fusion-button-text awb-button__text awb-button__text--default\">FAIRE UN DON MAINTENANT<\/span><\/a><\/div><div class=\"fusion-clearfix\"><\/div><\/div><\/div><\/div><\/div>\n<\/p>\n","protected":false},"excerpt":{"rendered":"","protected":false},"author":1,"featured_media":0,"parent":0,"menu_order":0,"comment_status":"closed","ping_status":"closed","template":"100-width.php","meta":{"footnotes":""},"class_list":["post-259","page","type-page","status-publish","hentry"],"_links":{"self":[{"href":"https:\/\/ensemblegm.ca\/fr\/wp-json\/wp\/v2\/pages\/259","targetHints":{"allow":["GET"]}}],"collection":[{"href":"https:\/\/ensemblegm.ca\/fr\/wp-json\/wp\/v2\/pages"}],"about":[{"href":"https:\/\/ensemblegm.ca\/fr\/wp-json\/wp\/v2\/types\/page"}],"author":[{"embeddable":true,"href":"https:\/\/ensemblegm.ca\/fr\/wp-json\/wp\/v2\/users\/1"}],"replies":[{"embeddable":true,"href":"https:\/\/ensemblegm.ca\/fr\/wp-json\/wp\/v2\/comments?post=259"}],"version-history":[{"count":5,"href":"https:\/\/ensemblegm.ca\/fr\/wp-json\/wp\/v2\/pages\/259\/revisions"}],"predecessor-version":[{"id":788,"href":"https:\/\/ensemblegm.ca\/fr\/wp-json\/wp\/v2\/pages\/259\/revisions\/788"}],"wp:attachment":[{"href":"https:\/\/ensemblegm.ca\/fr\/wp-json\/wp\/v2\/media?parent=259"}],"curies":[{"name":"wp","href":"https:\/\/api.w.org\/{rel}","templated":true}]}}